{"id":10989,"date":"2016-04-22T23:20:43","date_gmt":"2016-04-22T20:20:43","guid":{"rendered":"http:\/\/dentalbeauty.ee\/en\/hammaste-valgendamine\/"},"modified":"2016-07-21T01:11:44","modified_gmt":"2016-07-20T22:11:44","slug":"hammaste-valgendamine","status":"publish","type":"page","link":"https:\/\/dentalbeauty.ee\/en\/hammaste-valgendamine\/","title":{"rendered":"Hammaste valgendamine"},"content":{"rendered":"<h1>Hammaste valgendamine<\/h1>\n<p>USAs\u00a0 ja kogu maailmas laseritootjate seas turu liidripositsioonil oleva firma Biolase \u201cLaserSmile\u201d\u00a0 laservalgendus\u00a0 on efektiivseima meetodina olnud kasutusel juba \u00fcle 10 aasta.<br \/>\nHambad l\u00e4hevad valgemaks 5-7 tooni v\u00f5rra (aluseks VITA v\u00e4viskaala toonide j\u00e4rjestus) Protseduuri v\u00f5ib korrata 2 n\u00e4dala m\u00f6\u00f6dumisel.Enamat kui B1 toon on v\u00e4ga harva v\u00f5imalik saavutada. Tavaline tulemus on A1 seega konsulteerige kindlasti arstga\u00a0 oodatava tulemuse osas.<br \/>\nIgemeservade kaitseks paigutatakse esmalt igemekaitse ning seej\u00e4rel kantakse hammastele valgendusgeel,mille toimet saab laseriga t\u00f5hustada. Laser aktiveeib valgustundlikud osakesed ning oks\u00fcdatsiooniprotsess on intensiivsem. See v\u00f5ib kaasa tuua hammaste ajutise tundlikkuse, mis enamasti m\u00f6\u00f6dub j\u00e4rgmiseks hommikuks. 80% patsientidest hammaste tundlikkust ei kaeba. Tundlike hammastega patsientidele laservalgendust soovitada ei saa.<br \/>\nKindlasti peavad enne valgendamist olema parandatud k\u00f5ik hambaaugud (valgendatavates hammastes) ning eriti soovitav on teha paar p\u00e4eva varem hambapuhastus.Nii saavutate maksimaalse tulemuse.<br \/>\nVaadake videoklippi protseduurist siin:\u00a0<a href=\"http:\/\/dentalbeauty.ee\/hammaste-valgendamine\/studiodental_h264-2\/\">StudioDental_h264<\/a><\/p>\n<p><b>Air-Flow<\/b><\/p>\n<p>\u201cAir-Flow\u201d e. lihvitud soodaosakestega survepesu k\u00e4igus eemaldatakse hammastelt hambakivi ja hammastele aja jooksul tekkinud tumedad plekid. Protseduur on valutu, mugav ja ohutu \u2013 ei kahjusta hambavaapa.\u00a0<a class=\"various\" href=\"https:\/\/www.youtube.com\/watch?v=oo5PtGy6s60\"><b>Vaata ka videoklippi!<\/b><\/a>\u00a0Kui on tunne, et poolteist-kaks tundi peale hammaste pesemist on suus \u201cpaks tunne\u201d, hambad on tumedamaks muutunud, siin-seal on tumepruunid plekid\u2026 Olete vahetanud hambaharja- ja pastat, aga miski ei aita, siis on aeg hammaste professionaalseks puhastamiseks. Suus on raskesti ligip\u00e4\u00e4setavaid kohti ning keskmiselt korra aastas v\u00f5iks iga t\u00e4iskasvanud inimene k\u00fclastada hambaarsti ning lasta oma hambaid puhastada professionaalidel. Selleks pakume v\u00e4lja Air-Flow ehk surve- v\u00f5i soodapesu \u2013 hambaspa \u2013 \u201cheal lapsel mitu nime\u201d. Toiming on \u00fcks \u2013 hambaid puhastatakse ilma hamba pinda otseselt \u00fchegi metallist instrumendiga puudutamata suru\u00f5hu, vee ja spetsiaalse pulbriga ka raskesti ligip\u00e4\u00e4setavatest kohtadest. Vajadusel ja patsiendiga konsulteerides kasutatakse ultrahelipuhastust.<\/p>\n<p>&nbsp;<\/p>\n<p><b>Hammaste valgendusj\u00e4rgne hooldus<\/b><\/p>\n<p>Esimesed kaks p\u00e4eva EI TOHIKS KASUTADA toidus:<\/p>\n<ul>\n<li>Peaaegu k\u00f5iki taimseid tooteid, lubatud on vaid valge lihvitud riis, k\u00f5rgema sordi jahust valmistatud sai, valget keedetud kartulit, valget kapsast, lillkapsast;<\/li>\n<li>Teed (ka taimset), kohvi, koolat ja muid karastavaid jooke, kakaod, \u0161okolaadi, maitseaineid, looduslikke veine ja teisi alkohoolseid jooke, ei tohiks suitsetada;<\/li>\n<li>T\u00f6\u00f6stuslikult toodetud tooteid, milles on kasutatud erinevaid looduslikke v\u00f5i kunstlikke v\u00e4rvained, n\u00e4iteks puuviljalisanditega jogurteid, v\u00e4rvilisi dessertkreeme, \u0161okolaadikohukesi, kiirsuppe, kastmeid, puljongikuubikuid, margariini, taime\u00f5li;<\/li>\n<\/ul>\n<p><img decoding=\"async\" title=\"hammaste valgendamine\" src=\"http:\/\/dentalbeauty.ee\/wp-content\/themes\/dent-theme\/img\/1.jpg\" alt=\"hammaste valgendamine\" \/><\/p>\n<p>&nbsp;<\/p>\n","protected":false},"excerpt":{"rendered":"<p>Hammaste valgendamine USAs\u00a0 ja kogu maailmas laseritootjate seas turu liidripositsioonil oleva firma Biolase \u201cLaserSmile\u201d\u00a0 laservalgendus\u00a0 on efektiivseima meetodina olnud kasutusel juba \u00fcle 10 aasta. Hambad l\u00e4hevad valgemaks 5-7 tooni v\u00f5rra (aluseks VITA v\u00e4viskaala toonide j\u00e4rjestus) Protseduuri v\u00f5ib korrata 2 n\u00e4dala m\u00f6\u00f6dumisel.Enamat kui B1 toon on v\u00e4ga harva v\u00f5imalik saavutada. Tavaline tulemus on A1 seega konsulteerige [&hellip;]<\/p>\n","protected":false},"author":3,"featured_media":0,"parent":0,"menu_order":0,"comment_status":"open","ping_status":"open","template":"","meta":{"footnotes":""},"class_list":["post-10989","page","type-page","status-publish","hentry"],"_links":{"self":[{"href":"https:\/\/dentalbeauty.ee\/en\/wp-json\/wp\/v2\/pages\/10989\/"}],"collection":[{"href":"https:\/\/dentalbeauty.ee\/en\/wp-json\/wp\/v2\/pages\/"}],"about":[{"href":"https:\/\/dentalbeauty.ee\/en\/wp-json\/wp\/v2\/types\/page\/"}],"author":[{"embeddable":true,"href":"https:\/\/dentalbeauty.ee\/en\/wp-json\/wp\/v2\/users\/3\/"}],"replies":[{"embeddable":true,"href":"https:\/\/dentalbeauty.ee\/en\/wp-json\/wp\/v2\/comments\/?post=10989"}],"version-history":[{"count":6,"href":"https:\/\/dentalbeauty.ee\/en\/wp-json\/wp\/v2\/pages\/10989\/revisions\/"}],"predecessor-version":[{"id":11003,"href":"https:\/\/dentalbeauty.ee\/en\/wp-json\/wp\/v2\/pages\/10989\/revisions\/11003\/"}],"wp:attachment":[{"href":"https:\/\/dentalbeauty.ee\/en\/wp-json\/wp\/v2\/media\/?parent=10989"}],"curies":[{"name":"wp","href":"https:\/\/api.w.org\/{rel}","templated":true}]}}