{"id":650,"date":"2015-08-30T00:40:33","date_gmt":"2015-08-29T21:40:33","guid":{"rendered":"http:\/\/dentalbeauty.ee\/?page_id=650"},"modified":"2018-06-05T05:04:34","modified_gmt":"2018-06-05T02:04:34","slug":"hambaravi-ajalugu","status":"publish","type":"page","link":"https:\/\/dentalbeauty.ee\/en\/hambaravi-ajalugu\/","title":{"rendered":"Ajalugu"},"content":{"rendered":"<p>Alustasime 18. detsembril 1998. aastal perearstikeskuse Sinu Arst ruumides. Pakkusime 24h hambaravi esmaabi \u2013 uue teenusena perearstikeskuse patsientidele. Hambaravi \u00a0osutus patsientide seas populaarseks ning aegam\u00f6\u00f6da leidsid meid, tuttavate soovitusi kuuldes, \u00fcles kvaliteetset ravit\u00f6\u00f6d hindavad patsiendid.<\/p>\n<p>Kasutame hambaarstide poolt maailma parimateks tunnistatud kulumiskindlaid ja usaldusv\u00e4\u00e4rseid hambaravimaterjale. Parimaid kaasaegseid materjale kasutades ravime Teie hambad terveks.<\/p>\n<p>Soovime vastata oma klientide ootustele, mis j\u00e4rjest enam v\u00e4\u00e4rtustavad m\u00e4rkamatut loomulikkust \u201chambadisainis\u201d, kuid samas hindavad perfektset teostust ja head teenindust. Meie eesm\u00e4rk on LOOMULIK NAERATUS.<\/p>\n<p>Alates 1.jaanuarist 2004 laienesime ning meie nimeks sai Studio Dental Beauty.<\/p>\n<p>Seoses laserpuuri &#8220;Waterlase&#8221; ja valgenduslaseri &#8220;LaserSmile&#8221; kasutuselev\u00f6tuga muutsime ka klliniku nime. Alates 2012 aastast leiate meid uuel korrusel samas majas: Dental Beauty Laser Clinic \u00a0RadissonBlu Hotell Ol\u00fcmpia 14.korrusel.<\/p>\n<p>Dr. Anneli Aleksiuse kabinet<\/p>\n<p><a href=\"http:\/\/dentalbeauty.ee\/wp-content\/uploads\/2015\/09\/hambaravi-tallinnas2.jpg\"><img loading=\"lazy\" decoding=\"async\" class=\"alignleft size-full wp-image-345\" src=\"http:\/\/dentalbeauty.ee\/wp-content\/uploads\/2015\/09\/hambaravi-tallinnas2.jpg\" alt=\"hambaravi-tallinnas2\" width=\"223\" height=\"168\" \/><\/a><\/p>\n<p>&nbsp;<\/p>\n","protected":false},"excerpt":{"rendered":"<p>Alustasime 18. detsembril 1998. aastal perearstikeskuse Sinu Arst ruumides. Pakkusime 24h hambaravi esmaabi \u2013 uue teenusena perearstikeskuse patsientidele. Hambaravi \u00a0osutus patsientide seas populaarseks ning aegam\u00f6\u00f6da leidsid meid, tuttavate soovitusi kuuldes, \u00fcles kvaliteetset ravit\u00f6\u00f6d hindavad patsiendid. Kasutame hambaarstide poolt maailma parimateks tunnistatud kulumiskindlaid ja usaldusv\u00e4\u00e4rseid hambaravimaterjale. Parimaid kaasaegseid materjale kasutades ravime Teie hambad terveks. Soovime vastata [&hellip;]<\/p>\n","protected":false},"author":3,"featured_media":0,"parent":0,"menu_order":0,"comment_status":"open","ping_status":"open","template":"","meta":{"footnotes":""},"class_list":["post-650","page","type-page","status-publish","hentry"],"_links":{"self":[{"href":"https:\/\/dentalbeauty.ee\/en\/wp-json\/wp\/v2\/pages\/650\/"}],"collection":[{"href":"https:\/\/dentalbeauty.ee\/en\/wp-json\/wp\/v2\/pages\/"}],"about":[{"href":"https:\/\/dentalbeauty.ee\/en\/wp-json\/wp\/v2\/types\/page\/"}],"author":[{"embeddable":true,"href":"https:\/\/dentalbeauty.ee\/en\/wp-json\/wp\/v2\/users\/3\/"}],"replies":[{"embeddable":true,"href":"https:\/\/dentalbeauty.ee\/en\/wp-json\/wp\/v2\/comments\/?post=650"}],"version-history":[{"count":8,"href":"https:\/\/dentalbeauty.ee\/en\/wp-json\/wp\/v2\/pages\/650\/revisions\/"}],"predecessor-version":[{"id":11105,"href":"https:\/\/dentalbeauty.ee\/en\/wp-json\/wp\/v2\/pages\/650\/revisions\/11105\/"}],"wp:attachment":[{"href":"https:\/\/dentalbeauty.ee\/en\/wp-json\/wp\/v2\/media\/?parent=650"}],"curies":[{"name":"wp","href":"https:\/\/api.w.org\/{rel}","templated":true}]}}