{"id":680,"date":"2015-09-17T09:49:14","date_gmt":"2015-09-17T06:49:14","guid":{"rendered":"http:\/\/dentalbeauty.ee\/?page_id=680"},"modified":"2022-08-10T22:57:49","modified_gmt":"2022-08-10T19:57:49","slug":"edelweiss-laminaadid","status":"publish","type":"page","link":"https:\/\/dentalbeauty.ee\/en\/edelweiss-laminaadid\/","title":{"rendered":"Edelweiss"},"content":{"rendered":"<p>Edelweiss laminaadid on Sveitsis k\u00f5rgtehnoloogiliselt valmistatud v\u00e4ga \u00f5hukesed komposiitmaterjalist plaadikesed. Nende pealispind on ilusa l\u00e4ike saavutamiseks lasert\u00f6\u00f6deldud. V\u00e4rvi saab toonida vastavalt hamba loomulikule toonile Edelweiss kinnituskomposiidi\u00a0 abil.<\/p>\n<p>Tuleb silmas pidada ,et v\u00f5imalik on saavutada k\u00f5rvalhammastega ligil\u00e4hedane, mitte identne toon. &#8220;Edelweiss&#8221; laminaatide kuju on standartne,valikus on 3 standardsuurust. Standardlaminaadi kuju\u00a0 saab arst\u00a0 kuju pisut korrigeerida, kuid p\u00e4ris sama tulemust kui keraamilise laminaadiga siiski oodata ei saa.<\/p>\n<p>Piiratud eelarve korral on see siiski soodsam lahendus naeratuse esteetika taastamisel.<br \/>\nEeliseks on ka kiirus, naeratuse taastamine \u00fche visiidi v\u00e4ltel on Edelweiss laminaatidega v\u00f5imalik !<br \/>\nM\u00f5ned n\u00e4ited j\u00e4rgnevatel fotodel:<\/p>\n\n\t\t<style type=\"text\/css\">\n\t\t\t#gallery-1 {\n\t\t\t\tmargin: auto;\n\t\t\t}\n\t\t\t#gallery-1 .gallery-item {\n\t\t\t\tfloat: left;\n\t\t\t\tmargin-top: 10px;\n\t\t\t\ttext-align: center;\n\t\t\t\twidth: 33%;\n\t\t\t}\n\t\t\t#gallery-1 img {\n\t\t\t\tborder: 2px solid #cfcfcf;\n\t\t\t}\n\t\t\t#gallery-1 .gallery-caption {\n\t\t\t\tmargin-left: 0;\n\t\t\t}\n\t\t\t\/* see gallery_shortcode() in wp-includes\/media.php *\/\n\t\t<\/style>\n\t\t<div id='gallery-1' class='gallery galleryid-680 gallery-columns-3 gallery-size-medium'><dl class='gallery-item'>\n\t\t\t<dt class='gallery-icon portrait'>\n\t\t\t\t<a href='https:\/\/dentalbeauty.ee\/wp-content\/uploads\/2015\/09\/edelweiss-algeis.jpg'><img loading=\"lazy\" decoding=\"async\" width=\"224\" height=\"300\" src=\"https:\/\/dentalbeauty.ee\/wp-content\/uploads\/2015\/09\/edelweiss-algeis-224x300.jpg\" class=\"attachment-medium size-medium\" alt=\"\" srcset=\"https:\/\/dentalbeauty.ee\/wp-content\/uploads\/2015\/09\/edelweiss-algeis-224x300.jpg 224w, https:\/\/dentalbeauty.ee\/wp-content\/uploads\/2015\/09\/edelweiss-algeis.jpg 500w\" sizes=\"auto, (max-width: 224px) 100vw, 224px\" \/><\/a>\n\t\t\t<\/dt><\/dl><dl class='gallery-item'>\n\t\t\t<dt class='gallery-icon portrait'>\n\t\t\t\t<a href='https:\/\/dentalbeauty.ee\/wp-content\/uploads\/2015\/09\/edelweiss-valmis.jpg'><img loading=\"lazy\" decoding=\"async\" width=\"224\" height=\"300\" src=\"https:\/\/dentalbeauty.ee\/wp-content\/uploads\/2015\/09\/edelweiss-valmis-224x300.jpg\" class=\"attachment-medium size-medium\" alt=\"\" srcset=\"https:\/\/dentalbeauty.ee\/wp-content\/uploads\/2015\/09\/edelweiss-valmis-224x300.jpg 224w, https:\/\/dentalbeauty.ee\/wp-content\/uploads\/2015\/09\/edelweiss-valmis.jpg 500w\" sizes=\"auto, (max-width: 224px) 100vw, 224px\" \/><\/a>\n\t\t\t<\/dt><\/dl>\n\t\t\t<br style='clear: both' \/>\n\t\t<\/div>\n\n<p>Edelweiss laminaadid vajavad \u00fclevaatust ja proffessionaalset puhastust 3-4 korda aastas. Kuna laminaadid pole hamba kuju j\u00e4rgi valmistatud ,siis pisiparandusti v\u00f5ib tavalisest sagedamini\u00a0 vaja minna. Komposiidi lihvimise ja juurdepanemisega saab puudusi kompenseerida. P\u00e4ris ideaalset komposiitlaminaadi \u00fchilduvust oma hambaga saavutada pole v\u00f5imalik kuna Edelweiss laminaati ei valmistata tehases patsiendi hamba pikkuse ,laiuse ja kumeruse j\u00e4rgi. Arst\u00a0 saab laminaati vaid kohandada\u00a0 kitsmaks ja l\u00fchemaks.. V\u00e4lispinna kumerust muuta pole v\u00f5imalik.<br \/>\nEttevaatlik peab olema ka abrasiivse hambapastaga, valida tuleks v\u00f5imalikult v\u00e4he abrasiivne hambapasta , vastasel juhul laminaadi l\u00e4ige kulub paari aastaga tuhmiks.<br \/>\nEdelweiss laminaat on servadest v\u00e4ga \u00f5huke ja habras. Murdumise korral saab parandada komposiitt\u00e4idisega v\u00f5i vahetada uue vastu. Laminaatide servades olevad k\u00f5rgemad kohad , mis j\u00e4\u00e4vaad kokkuhammustamisel ebamugavalt ette, tuleb kindlasti lihvida madalaks., ei tohi j\u00e4\u00e4da lootma,et need ise ajapikku kuuvad. V\u00f5imalik on ka\u00a0 komposiitmaterjali\u00a0 v\u00e4rvi tumenemine laminaadi all\u00a0 (eriti suitsetajatel)<br \/>\nKui hambaniit j\u00e4\u00e4b kinni v\u00f5i igemeserva \u00e4rritus ei parane 2 n\u00e4dala jooksul, tuleb kindlasti\u00a0 hambaarsti\u00a0juurde j\u00e4relkontrolli minna.<br \/>\nHea suuh\u00fcgieeni korral v\u00f5ib Edelweiss laminaadi esteetiline eluiga olla kuni 5 aastat.<\/p>\n","protected":false},"excerpt":{"rendered":"<p>Edelweiss laminaadid on Sveitsis k\u00f5rgtehnoloogiliselt valmistatud v\u00e4ga \u00f5hukesed komposiitmaterjalist plaadikesed. Nende pealispind on ilusa l\u00e4ike saavutamiseks lasert\u00f6\u00f6deldud. V\u00e4rvi saab toonida vastavalt hamba loomulikule toonile Edelweiss kinnituskomposiidi\u00a0 abil. Tuleb silmas pidada ,et v\u00f5imalik on saavutada k\u00f5rvalhammastega ligil\u00e4hedane, mitte identne toon. &#8220;Edelweiss&#8221; laminaatide kuju on standartne,valikus on 3 standardsuurust. Standardlaminaadi kuju\u00a0 saab arst\u00a0 kuju pisut korrigeerida, kuid [&hellip;]<\/p>\n","protected":false},"author":3,"featured_media":0,"parent":0,"menu_order":0,"comment_status":"open","ping_status":"open","template":"","meta":{"footnotes":""},"class_list":["post-680","page","type-page","status-publish","hentry"],"_links":{"self":[{"href":"https:\/\/dentalbeauty.ee\/en\/wp-json\/wp\/v2\/pages\/680\/"}],"collection":[{"href":"https:\/\/dentalbeauty.ee\/en\/wp-json\/wp\/v2\/pages\/"}],"about":[{"href":"https:\/\/dentalbeauty.ee\/en\/wp-json\/wp\/v2\/types\/page\/"}],"author":[{"embeddable":true,"href":"https:\/\/dentalbeauty.ee\/en\/wp-json\/wp\/v2\/users\/3\/"}],"replies":[{"embeddable":true,"href":"https:\/\/dentalbeauty.ee\/en\/wp-json\/wp\/v2\/comments\/?post=680"}],"version-history":[{"count":10,"href":"https:\/\/dentalbeauty.ee\/en\/wp-json\/wp\/v2\/pages\/680\/revisions\/"}],"predecessor-version":[{"id":11217,"href":"https:\/\/dentalbeauty.ee\/en\/wp-json\/wp\/v2\/pages\/680\/revisions\/11217\/"}],"wp:attachment":[{"href":"https:\/\/dentalbeauty.ee\/en\/wp-json\/wp\/v2\/media\/?parent=680"}],"curies":[{"name":"wp","href":"https:\/\/api.w.org\/{rel}","templated":true}]}}